{"id":29,"date":"2024-05-22T20:15:04","date_gmt":"2024-05-22T20:15:04","guid":{"rendered":"https:\/\/bgcarballeira.com\/?page_id=29"},"modified":"2024-05-22T21:37:35","modified_gmt":"2024-05-22T21:37:35","slug":"profesorado","status":"publish","type":"page","link":"https:\/\/bgcarballeira.com\/index.php\/profesorado\/","title":{"rendered":"PROFESORADO"},"content":{"rendered":"<p>Desde su fundaci\u00f3n en 1987, el profesor de gaita y de percusi\u00f3n de la banda de gaitas \u00abA Carballeira\u00bb ha sido, ininterrumpidamente, su director Carlos Gonz\u00e1lez P\u00e9rez. Su buen hacer, sus amplios conocimientos musicales y su vocaci\u00f3n por la ense\u00f1anza han permitido que la gran mayor\u00eda de los alumnos que han pasado por la escuela de gaitas y percusi\u00f3n \u00abA Carballeira\u00bb hayan adquirido una s\u00f3lida base musical. Esa base es la que ha servido a muchos de ellos para graduarse en distintos niveles y Conservatorios de M\u00fasica Profesional en distintos instrumentos como gaita, percusi\u00f3n, clarinete, piano, viol\u00edn, etc.<\/p>\n<p><img fetchpriority=\"high\" decoding=\"async\" class=\"aligncenter wp-image-30 size-full\" src=\"https:\/\/bgcarballeira.com\/wp-content\/uploads\/2024\/05\/2007_manzaneda_02_800x600.jpg\" alt=\"Tambores\" width=\"800\" height=\"600\" srcset=\"https:\/\/bgcarballeira.com\/wp-content\/uploads\/2024\/05\/2007_manzaneda_02_800x600.jpg 800w, https:\/\/bgcarballeira.com\/wp-content\/uploads\/2024\/05\/2007_manzaneda_02_800x600-300x225.jpg 300w, https:\/\/bgcarballeira.com\/wp-content\/uploads\/2024\/05\/2007_manzaneda_02_800x600-768x576.jpg 768w\" sizes=\"(max-width: 800px) 100vw, 800px\" \/><\/p>\n<p>As\u00ed mismo, dicha base ha sido esencial para que muchos de los miembros de la banda de gaitas \u00abA Carballeira\u00bb se hayan convertido, a su vez, en profesores y expertos instrumentistas que colaboran con Carlos Gonz\u00e1lez P\u00e9rez en la formaci\u00f3n de los nuevos integrantes que, a\u00f1o tras a\u00f1o, se incorporan a la banda de gaitas \u00abA Carballeira\u00bb.<\/p>\n<p><img decoding=\"async\" class=\"aligncenter wp-image-31 size-full\" src=\"https:\/\/bgcarballeira.com\/wp-content\/uploads\/2024\/05\/2008_melon_06_800x600.jpg\" alt=\"Timbales\" width=\"800\" height=\"600\" srcset=\"https:\/\/bgcarballeira.com\/wp-content\/uploads\/2024\/05\/2008_melon_06_800x600.jpg 800w, https:\/\/bgcarballeira.com\/wp-content\/uploads\/2024\/05\/2008_melon_06_800x600-300x225.jpg 300w, https:\/\/bgcarballeira.com\/wp-content\/uploads\/2024\/05\/2008_melon_06_800x600-768x576.jpg 768w\" sizes=\"(max-width: 800px) 100vw, 800px\" \/><\/p>\n<p>Tanto Carlos Gonz\u00e1lez P\u00e9rez como los profesores componentes de la banda de gaitas \u00abA Carballeira\u00bb imparten o han impartido cursillos y clases maestras, realizan o han realizado afinaciones de instrumentos y dan o han dado clases de gaita y\/o percusi\u00f3n en distintas bandas y\/o grupos de gaitas gallegos por todo el mundo. Actividades \u00e9stas que les son requeridas diariamente por un alto n\u00famero de escuelas de gaita y percusi\u00f3n. Actualmente, varios de ellos dan clases en otras escuelas de gaita y percusi\u00f3n de Espa\u00f1a y Portugal aprovechando su condici\u00f3n de residentes en Ourense, Vigo, Santiago, Salamanca, Madrid, A Coru\u00f1a, Ver\u00edn, etc.<\/p>\n<p><img decoding=\"async\" class=\"aligncenter wp-image-32 size-full\" src=\"https:\/\/bgcarballeira.com\/wp-content\/uploads\/2024\/05\/2006_xixon_02_800x600.jpg\" alt=\"Bombo\" width=\"800\" height=\"600\" srcset=\"https:\/\/bgcarballeira.com\/wp-content\/uploads\/2024\/05\/2006_xixon_02_800x600.jpg 800w, https:\/\/bgcarballeira.com\/wp-content\/uploads\/2024\/05\/2006_xixon_02_800x600-300x225.jpg 300w, https:\/\/bgcarballeira.com\/wp-content\/uploads\/2024\/05\/2006_xixon_02_800x600-768x576.jpg 768w\" sizes=\"(max-width: 800px) 100vw, 800px\" \/><\/p>\n","protected":false},"excerpt":{"rendered":"<p>Desde su fundaci\u00f3n en 1987, el profesor de gaita y de percusi\u00f3n de la banda de gaitas \u00abA Carballeira\u00bb ha sido, ininterrumpidamente, su director Carlos Gonz\u00e1lez P\u00e9rez. Su buen hacer, sus amplios conocimientos musicales y su vocaci\u00f3n por la ense\u00f1anza han permitido que la gran mayor\u00eda de los alumnos que han pasado por la escuela [&hellip;]<\/p>\n","protected":false},"author":1,"featured_media":0,"parent":0,"menu_order":0,"comment_status":"closed","ping_status":"closed","template":"","meta":{"footnotes":""},"class_list":["post-29","page","type-page","status-publish","hentry"],"yoast_head":"<!-- This site is optimized with the Yoast SEO plugin v22.7 - https:\/\/yoast.com\/wordpress\/plugins\/seo\/ -->\n<title>PROFESORADO - Banda de gaitas A Carballeira<\/title>\n<meta name=\"robots\" content=\"index, follow, max-snippet:-1, max-image-preview:large, max-video-preview:-1\" \/>\n<link rel=\"canonical\" href=\"https:\/\/bgcarballeira.com\/index.php\/profesorado\/\" \/>\n<meta property=\"og:locale\" content=\"es_ES\" \/>\n<meta property=\"og:type\" content=\"article\" \/>\n<meta property=\"og:title\" content=\"PROFESORADO - Banda de gaitas A Carballeira\" \/>\n<meta property=\"og:description\" content=\"Desde su fundaci\u00f3n en 1987, el profesor de gaita y de percusi\u00f3n de la banda de gaitas \u00abA Carballeira\u00bb ha sido, ininterrumpidamente, su director Carlos Gonz\u00e1lez P\u00e9rez. Su buen hacer, sus amplios conocimientos musicales y su vocaci\u00f3n por la ense\u00f1anza han permitido que la gran mayor\u00eda de los alumnos que han pasado por la escuela [&hellip;]\" \/>\n<meta property=\"og:url\" content=\"https:\/\/bgcarballeira.com\/index.php\/profesorado\/\" \/>\n<meta property=\"og:site_name\" content=\"Banda de gaitas A Carballeira\" \/>\n<meta property=\"article:modified_time\" content=\"2024-05-22T21:37:35+00:00\" \/>\n<meta property=\"og:image\" content=\"https:\/\/bgcarballeira.com\/wp-content\/uploads\/2024\/05\/2007_manzaneda_02_800x600.jpg\" \/>\n<meta name=\"twitter:card\" content=\"summary_large_image\" \/>\n<meta name=\"twitter:label1\" content=\"Tiempo de lectura\" \/>\n\t<meta name=\"twitter:data1\" content=\"2 minutos\" \/>\n<script type=\"application\/ld+json\" class=\"yoast-schema-graph\">{\"@context\":\"https:\/\/schema.org\",\"@graph\":[{\"@type\":\"WebPage\",\"@id\":\"https:\/\/bgcarballeira.com\/index.php\/profesorado\/\",\"url\":\"https:\/\/bgcarballeira.com\/index.php\/profesorado\/\",\"name\":\"PROFESORADO - Banda de gaitas A Carballeira\",\"isPartOf\":{\"@id\":\"https:\/\/bgcarballeira.com\/#website\"},\"primaryImageOfPage\":{\"@id\":\"https:\/\/bgcarballeira.com\/index.php\/profesorado\/#primaryimage\"},\"image\":{\"@id\":\"https:\/\/bgcarballeira.com\/index.php\/profesorado\/#primaryimage\"},\"thumbnailUrl\":\"https:\/\/bgcarballeira.com\/wp-content\/uploads\/2024\/05\/2007_manzaneda_02_800x600.jpg\",\"datePublished\":\"2024-05-22T20:15:04+00:00\",\"dateModified\":\"2024-05-22T21:37:35+00:00\",\"breadcrumb\":{\"@id\":\"https:\/\/bgcarballeira.com\/index.php\/profesorado\/#breadcrumb\"},\"inLanguage\":\"es\",\"potentialAction\":[{\"@type\":\"ReadAction\",\"target\":[\"https:\/\/bgcarballeira.com\/index.php\/profesorado\/\"]}]},{\"@type\":\"ImageObject\",\"inLanguage\":\"es\",\"@id\":\"https:\/\/bgcarballeira.com\/index.php\/profesorado\/#primaryimage\",\"url\":\"https:\/\/bgcarballeira.com\/wp-content\/uploads\/2024\/05\/2007_manzaneda_02_800x600.jpg\",\"contentUrl\":\"https:\/\/bgcarballeira.com\/wp-content\/uploads\/2024\/05\/2007_manzaneda_02_800x600.jpg\",\"width\":800,\"height\":600},{\"@type\":\"BreadcrumbList\",\"@id\":\"https:\/\/bgcarballeira.com\/index.php\/profesorado\/#breadcrumb\",\"itemListElement\":[{\"@type\":\"ListItem\",\"position\":1,\"name\":\"Portada\",\"item\":\"https:\/\/bgcarballeira.com\/\"},{\"@type\":\"ListItem\",\"position\":2,\"name\":\"PROFESORADO\"}]},{\"@type\":\"WebSite\",\"@id\":\"https:\/\/bgcarballeira.com\/#website\",\"url\":\"https:\/\/bgcarballeira.com\/\",\"name\":\"Banda de gaitas A Carballeira\",\"description\":\"Banda de gaitas y percusi\u00f3n de Ourense\",\"publisher\":{\"@id\":\"https:\/\/bgcarballeira.com\/#organization\"},\"potentialAction\":[{\"@type\":\"SearchAction\",\"target\":{\"@type\":\"EntryPoint\",\"urlTemplate\":\"https:\/\/bgcarballeira.com\/?s={search_term_string}\"},\"query-input\":\"required name=search_term_string\"}],\"inLanguage\":\"es\"},{\"@type\":\"Organization\",\"@id\":\"https:\/\/bgcarballeira.com\/#organization\",\"name\":\"Banda de gaitas A Carballeira\",\"url\":\"https:\/\/bgcarballeira.com\/\",\"logo\":{\"@type\":\"ImageObject\",\"inLanguage\":\"es\",\"@id\":\"https:\/\/bgcarballeira.com\/#\/schema\/logo\/image\/\",\"url\":\"https:\/\/bgcarballeira.com\/wp-content\/uploads\/2024\/05\/escudo250x99_0.png\",\"contentUrl\":\"https:\/\/bgcarballeira.com\/wp-content\/uploads\/2024\/05\/escudo250x99_0.png\",\"width\":250,\"height\":99,\"caption\":\"Banda de gaitas A Carballeira\"},\"image\":{\"@id\":\"https:\/\/bgcarballeira.com\/#\/schema\/logo\/image\/\"}}]}<\/script>\n<!-- \/ Yoast SEO plugin. -->","yoast_head_json":{"title":"PROFESORADO - Banda de gaitas A Carballeira","robots":{"index":"index","follow":"follow","max-snippet":"max-snippet:-1","max-image-preview":"max-image-preview:large","max-video-preview":"max-video-preview:-1"},"canonical":"https:\/\/bgcarballeira.com\/index.php\/profesorado\/","og_locale":"es_ES","og_type":"article","og_title":"PROFESORADO - Banda de gaitas A Carballeira","og_description":"Desde su fundaci\u00f3n en 1987, el profesor de gaita y de percusi\u00f3n de la banda de gaitas \u00abA Carballeira\u00bb ha sido, ininterrumpidamente, su director Carlos Gonz\u00e1lez P\u00e9rez. Su buen hacer, sus amplios conocimientos musicales y su vocaci\u00f3n por la ense\u00f1anza han permitido que la gran mayor\u00eda de los alumnos que han pasado por la escuela [&hellip;]","og_url":"https:\/\/bgcarballeira.com\/index.php\/profesorado\/","og_site_name":"Banda de gaitas A Carballeira","article_modified_time":"2024-05-22T21:37:35+00:00","og_image":[{"url":"https:\/\/bgcarballeira.com\/wp-content\/uploads\/2024\/05\/2007_manzaneda_02_800x600.jpg"}],"twitter_card":"summary_large_image","twitter_misc":{"Tiempo de lectura":"2 minutos"},"schema":{"@context":"https:\/\/schema.org","@graph":[{"@type":"WebPage","@id":"https:\/\/bgcarballeira.com\/index.php\/profesorado\/","url":"https:\/\/bgcarballeira.com\/index.php\/profesorado\/","name":"PROFESORADO - Banda de gaitas A Carballeira","isPartOf":{"@id":"https:\/\/bgcarballeira.com\/#website"},"primaryImageOfPage":{"@id":"https:\/\/bgcarballeira.com\/index.php\/profesorado\/#primaryimage"},"image":{"@id":"https:\/\/bgcarballeira.com\/index.php\/profesorado\/#primaryimage"},"thumbnailUrl":"https:\/\/bgcarballeira.com\/wp-content\/uploads\/2024\/05\/2007_manzaneda_02_800x600.jpg","datePublished":"2024-05-22T20:15:04+00:00","dateModified":"2024-05-22T21:37:35+00:00","breadcrumb":{"@id":"https:\/\/bgcarballeira.com\/index.php\/profesorado\/#breadcrumb"},"inLanguage":"es","potentialAction":[{"@type":"ReadAction","target":["https:\/\/bgcarballeira.com\/index.php\/profesorado\/"]}]},{"@type":"ImageObject","inLanguage":"es","@id":"https:\/\/bgcarballeira.com\/index.php\/profesorado\/#primaryimage","url":"https:\/\/bgcarballeira.com\/wp-content\/uploads\/2024\/05\/2007_manzaneda_02_800x600.jpg","contentUrl":"https:\/\/bgcarballeira.com\/wp-content\/uploads\/2024\/05\/2007_manzaneda_02_800x600.jpg","width":800,"height":600},{"@type":"BreadcrumbList","@id":"https:\/\/bgcarballeira.com\/index.php\/profesorado\/#breadcrumb","itemListElement":[{"@type":"ListItem","position":1,"name":"Portada","item":"https:\/\/bgcarballeira.com\/"},{"@type":"ListItem","position":2,"name":"PROFESORADO"}]},{"@type":"WebSite","@id":"https:\/\/bgcarballeira.com\/#website","url":"https:\/\/bgcarballeira.com\/","name":"Banda de gaitas A Carballeira","description":"Banda de gaitas y percusi\u00f3n de Ourense","publisher":{"@id":"https:\/\/bgcarballeira.com\/#organization"},"potentialAction":[{"@type":"SearchAction","target":{"@type":"EntryPoint","urlTemplate":"https:\/\/bgcarballeira.com\/?s={search_term_string}"},"query-input":"required name=search_term_string"}],"inLanguage":"es"},{"@type":"Organization","@id":"https:\/\/bgcarballeira.com\/#organization","name":"Banda de gaitas A Carballeira","url":"https:\/\/bgcarballeira.com\/","logo":{"@type":"ImageObject","inLanguage":"es","@id":"https:\/\/bgcarballeira.com\/#\/schema\/logo\/image\/","url":"https:\/\/bgcarballeira.com\/wp-content\/uploads\/2024\/05\/escudo250x99_0.png","contentUrl":"https:\/\/bgcarballeira.com\/wp-content\/uploads\/2024\/05\/escudo250x99_0.png","width":250,"height":99,"caption":"Banda de gaitas A Carballeira"},"image":{"@id":"https:\/\/bgcarballeira.com\/#\/schema\/logo\/image\/"}}]}},"_links":{"self":[{"href":"https:\/\/bgcarballeira.com\/index.php\/wp-json\/wp\/v2\/pages\/29","targetHints":{"allow":["GET"]}}],"collection":[{"href":"https:\/\/bgcarballeira.com\/index.php\/wp-json\/wp\/v2\/pages"}],"about":[{"href":"https:\/\/bgcarballeira.com\/index.php\/wp-json\/wp\/v2\/types\/page"}],"author":[{"embeddable":true,"href":"https:\/\/bgcarballeira.com\/index.php\/wp-json\/wp\/v2\/users\/1"}],"replies":[{"embeddable":true,"href":"https:\/\/bgcarballeira.com\/index.php\/wp-json\/wp\/v2\/comments?post=29"}],"version-history":[{"count":2,"href":"https:\/\/bgcarballeira.com\/index.php\/wp-json\/wp\/v2\/pages\/29\/revisions"}],"predecessor-version":[{"id":75,"href":"https:\/\/bgcarballeira.com\/index.php\/wp-json\/wp\/v2\/pages\/29\/revisions\/75"}],"wp:attachment":[{"href":"https:\/\/bgcarballeira.com\/index.php\/wp-json\/wp\/v2\/media?parent=29"}],"curies":[{"name":"wp","href":"https:\/\/api.w.org\/{rel}","templated":true}]}}