{"id":26,"date":"2024-05-22T20:11:25","date_gmt":"2024-05-22T20:11:25","guid":{"rendered":"https:\/\/bgcarballeira.com\/?page_id=26"},"modified":"2024-05-22T21:37:18","modified_gmt":"2024-05-22T21:37:18","slug":"palmares","status":"publish","type":"page","link":"https:\/\/bgcarballeira.com\/index.php\/palmares\/","title":{"rendered":"PALMAR\u00c9S"},"content":{"rendered":"<p><img fetchpriority=\"high\" decoding=\"async\" class=\"aligncenter wp-image-27 size-full\" src=\"https:\/\/bgcarballeira.com\/wp-content\/uploads\/2024\/05\/2007_manzaneda_01_800x600.jpg\" alt=\"Recogida de premios\" width=\"800\" height=\"600\" srcset=\"https:\/\/bgcarballeira.com\/wp-content\/uploads\/2024\/05\/2007_manzaneda_01_800x600.jpg 800w, https:\/\/bgcarballeira.com\/wp-content\/uploads\/2024\/05\/2007_manzaneda_01_800x600-300x225.jpg 300w, https:\/\/bgcarballeira.com\/wp-content\/uploads\/2024\/05\/2007_manzaneda_01_800x600-768x576.jpg 768w\" sizes=\"(max-width: 800px) 100vw, 800px\" \/><\/p>\r\n\r\n<ul class=\"wp-block-list\">\r\n<li><strong>CAMPEONES <\/strong>del <strong>CAMPEONATO CELTIB\u00c9RICO DE BANDAS DE GAITAS<\/strong> en 2010 y 2011.<\/li>\r\n\r\n\r\n\r\n<li><strong>CAMPEONES <\/strong>de la <strong>LIGA NACIONAL DE BANDAS DE GAITAS<\/strong> en las temporadas 2003\/2004, 2006\/2007 y 2008\/2009.<\/li>\r\n\r\n\r\n\r\n<li><strong>CAMPEONES <\/strong>del <strong>IV TROFEO DE PANDERETEIRAS<\/strong> en Manzaneda (Ourense) en 2009.<\/li>\r\n\r\n\r\n\r\n<li>En el a\u00f1o 2012, las cantareiras de la Banda de Gaitas colaboran en el trabajo discogr\u00e1fico \u00abDual\u00bb, de El Cuerpo del Ritmo<\/li>\r\n\r\n\r\n\r\n<li>En el a\u00f1o 2011, las cantareiras de la Banda de Gaitas colaboran en el trabajo discogr\u00e1fico \u00abCamina o revienta\u00bb, de El Cuerpo del Ritmo<\/li>\r\n\r\n\r\n\r\n<li>Representantes de Galicia, conjuntamente con la Banda de gaitas \u00abAugas de Xuntanza\u00bb de Os Peares, en el Festival Interc\u00e9ltico de Lorient (Francia) en los a\u00f1os 1993, 1996, 1998 y 2002.<\/li>\r\n\r\n\r\n\r\n<li>Participa en festivales internacionales en Olot, Barcelona, Elgoibar, Oviedo, Avil\u00e9s, Cand\u00e1s, Gij\u00f3n, Tapia de Casariego, Aveiro (Portugal), Le\u00f3n, Set\u00fabal (Portugal), as\u00ed como en Breta\u00f1a, Irlanda y Escocia.<\/li>\r\n\r\n\r\n\r\n<li>En septiembre de 2007, en colaboraci\u00f3n con la banda de gaitas \u00abAugas de Xuntanza\u00bb de Os Peares, particip\u00f3 en Par\u00eds en la Breizh Parade, un gran desfile que tuvo lugar en los Champs-Elys\u00e9es ante 300.000 personas, siendo retransmitido en directo por el primer canal de la televisi\u00f3n p\u00fablica francesa TF1 y en el que participaron m\u00e1s de 3.500 artistas entre los que destacan: Bagad Brieg, Bagad Kemper, Bagad Cap Caval, Bagad de Lann-Bihou\u00e9, Alan Stivell, Dan Ar Braz\u2026 con motivo de la exaltaci\u00f3n de la cultura bretona.<\/li>\r\n\r\n\r\n\r\n<li>Actualmente se encuentran promocionando su \u00faltimo trabajo discogr\u00e1fico, \u00abSen mais\u00bb, que fue presentado con gran \u00e9xito en noviembre de 2009, en giras por la Pen\u00ednsula Ib\u00e9rica, Alemania, Brasil, Islas Baleares, Francia, etc\u2026<\/li>\r\n\r\n\r\n\r\n<li>Al mismo tiempo, la Banda de Gaitas \u201cA Carballeira\u201d se encuentra preparando su siguiente trabajo discogr\u00e1fico.<\/li>\r\n<\/ul>\r\n","protected":false},"excerpt":{"rendered":"","protected":false},"author":1,"featured_media":0,"parent":0,"menu_order":0,"comment_status":"closed","ping_status":"closed","template":"","meta":{"footnotes":""},"class_list":["post-26","page","type-page","status-publish","hentry"],"yoast_head":"<!-- This site is optimized with the Yoast SEO plugin v22.7 - https:\/\/yoast.com\/wordpress\/plugins\/seo\/ -->\n<title>PALMAR\u00c9S - Banda de gaitas A Carballeira<\/title>\n<meta name=\"robots\" content=\"index, follow, max-snippet:-1, max-image-preview:large, max-video-preview:-1\" \/>\n<link rel=\"canonical\" href=\"https:\/\/bgcarballeira.com\/index.php\/palmares\/\" \/>\n<meta property=\"og:locale\" content=\"es_ES\" \/>\n<meta property=\"og:type\" content=\"article\" \/>\n<meta property=\"og:title\" content=\"PALMAR\u00c9S - Banda de gaitas A Carballeira\" \/>\n<meta property=\"og:url\" content=\"https:\/\/bgcarballeira.com\/index.php\/palmares\/\" \/>\n<meta property=\"og:site_name\" content=\"Banda de gaitas A Carballeira\" \/>\n<meta property=\"article:modified_time\" content=\"2024-05-22T21:37:18+00:00\" \/>\n<meta property=\"og:image\" content=\"https:\/\/bgcarballeira.com\/wp-content\/uploads\/2024\/05\/2007_manzaneda_01_800x600.jpg\" \/>\n<meta name=\"twitter:card\" content=\"summary_large_image\" \/>\n<meta name=\"twitter:label1\" content=\"Tiempo de lectura\" \/>\n\t<meta name=\"twitter:data1\" content=\"2 minutos\" \/>\n<script type=\"application\/ld+json\" class=\"yoast-schema-graph\">{\"@context\":\"https:\/\/schema.org\",\"@graph\":[{\"@type\":\"WebPage\",\"@id\":\"https:\/\/bgcarballeira.com\/index.php\/palmares\/\",\"url\":\"https:\/\/bgcarballeira.com\/index.php\/palmares\/\",\"name\":\"PALMAR\u00c9S - Banda de gaitas A Carballeira\",\"isPartOf\":{\"@id\":\"https:\/\/bgcarballeira.com\/#website\"},\"primaryImageOfPage\":{\"@id\":\"https:\/\/bgcarballeira.com\/index.php\/palmares\/#primaryimage\"},\"image\":{\"@id\":\"https:\/\/bgcarballeira.com\/index.php\/palmares\/#primaryimage\"},\"thumbnailUrl\":\"https:\/\/bgcarballeira.com\/wp-content\/uploads\/2024\/05\/2007_manzaneda_01_800x600.jpg\",\"datePublished\":\"2024-05-22T20:11:25+00:00\",\"dateModified\":\"2024-05-22T21:37:18+00:00\",\"breadcrumb\":{\"@id\":\"https:\/\/bgcarballeira.com\/index.php\/palmares\/#breadcrumb\"},\"inLanguage\":\"es\",\"potentialAction\":[{\"@type\":\"ReadAction\",\"target\":[\"https:\/\/bgcarballeira.com\/index.php\/palmares\/\"]}]},{\"@type\":\"ImageObject\",\"inLanguage\":\"es\",\"@id\":\"https:\/\/bgcarballeira.com\/index.php\/palmares\/#primaryimage\",\"url\":\"https:\/\/bgcarballeira.com\/wp-content\/uploads\/2024\/05\/2007_manzaneda_01_800x600.jpg\",\"contentUrl\":\"https:\/\/bgcarballeira.com\/wp-content\/uploads\/2024\/05\/2007_manzaneda_01_800x600.jpg\",\"width\":800,\"height\":600},{\"@type\":\"BreadcrumbList\",\"@id\":\"https:\/\/bgcarballeira.com\/index.php\/palmares\/#breadcrumb\",\"itemListElement\":[{\"@type\":\"ListItem\",\"position\":1,\"name\":\"Portada\",\"item\":\"https:\/\/bgcarballeira.com\/\"},{\"@type\":\"ListItem\",\"position\":2,\"name\":\"PALMAR\u00c9S\"}]},{\"@type\":\"WebSite\",\"@id\":\"https:\/\/bgcarballeira.com\/#website\",\"url\":\"https:\/\/bgcarballeira.com\/\",\"name\":\"Banda de gaitas A Carballeira\",\"description\":\"Banda de gaitas y percusi\u00f3n de Ourense\",\"publisher\":{\"@id\":\"https:\/\/bgcarballeira.com\/#organization\"},\"potentialAction\":[{\"@type\":\"SearchAction\",\"target\":{\"@type\":\"EntryPoint\",\"urlTemplate\":\"https:\/\/bgcarballeira.com\/?s={search_term_string}\"},\"query-input\":\"required name=search_term_string\"}],\"inLanguage\":\"es\"},{\"@type\":\"Organization\",\"@id\":\"https:\/\/bgcarballeira.com\/#organization\",\"name\":\"Banda de gaitas A Carballeira\",\"url\":\"https:\/\/bgcarballeira.com\/\",\"logo\":{\"@type\":\"ImageObject\",\"inLanguage\":\"es\",\"@id\":\"https:\/\/bgcarballeira.com\/#\/schema\/logo\/image\/\",\"url\":\"https:\/\/bgcarballeira.com\/wp-content\/uploads\/2024\/05\/escudo250x99_0.png\",\"contentUrl\":\"https:\/\/bgcarballeira.com\/wp-content\/uploads\/2024\/05\/escudo250x99_0.png\",\"width\":250,\"height\":99,\"caption\":\"Banda de gaitas A Carballeira\"},\"image\":{\"@id\":\"https:\/\/bgcarballeira.com\/#\/schema\/logo\/image\/\"}}]}<\/script>\n<!-- \/ Yoast SEO plugin. -->","yoast_head_json":{"title":"PALMAR\u00c9S - Banda de gaitas A Carballeira","robots":{"index":"index","follow":"follow","max-snippet":"max-snippet:-1","max-image-preview":"max-image-preview:large","max-video-preview":"max-video-preview:-1"},"canonical":"https:\/\/bgcarballeira.com\/index.php\/palmares\/","og_locale":"es_ES","og_type":"article","og_title":"PALMAR\u00c9S - Banda de gaitas A Carballeira","og_url":"https:\/\/bgcarballeira.com\/index.php\/palmares\/","og_site_name":"Banda de gaitas A Carballeira","article_modified_time":"2024-05-22T21:37:18+00:00","og_image":[{"url":"https:\/\/bgcarballeira.com\/wp-content\/uploads\/2024\/05\/2007_manzaneda_01_800x600.jpg"}],"twitter_card":"summary_large_image","twitter_misc":{"Tiempo de lectura":"2 minutos"},"schema":{"@context":"https:\/\/schema.org","@graph":[{"@type":"WebPage","@id":"https:\/\/bgcarballeira.com\/index.php\/palmares\/","url":"https:\/\/bgcarballeira.com\/index.php\/palmares\/","name":"PALMAR\u00c9S - Banda de gaitas A Carballeira","isPartOf":{"@id":"https:\/\/bgcarballeira.com\/#website"},"primaryImageOfPage":{"@id":"https:\/\/bgcarballeira.com\/index.php\/palmares\/#primaryimage"},"image":{"@id":"https:\/\/bgcarballeira.com\/index.php\/palmares\/#primaryimage"},"thumbnailUrl":"https:\/\/bgcarballeira.com\/wp-content\/uploads\/2024\/05\/2007_manzaneda_01_800x600.jpg","datePublished":"2024-05-22T20:11:25+00:00","dateModified":"2024-05-22T21:37:18+00:00","breadcrumb":{"@id":"https:\/\/bgcarballeira.com\/index.php\/palmares\/#breadcrumb"},"inLanguage":"es","potentialAction":[{"@type":"ReadAction","target":["https:\/\/bgcarballeira.com\/index.php\/palmares\/"]}]},{"@type":"ImageObject","inLanguage":"es","@id":"https:\/\/bgcarballeira.com\/index.php\/palmares\/#primaryimage","url":"https:\/\/bgcarballeira.com\/wp-content\/uploads\/2024\/05\/2007_manzaneda_01_800x600.jpg","contentUrl":"https:\/\/bgcarballeira.com\/wp-content\/uploads\/2024\/05\/2007_manzaneda_01_800x600.jpg","width":800,"height":600},{"@type":"BreadcrumbList","@id":"https:\/\/bgcarballeira.com\/index.php\/palmares\/#breadcrumb","itemListElement":[{"@type":"ListItem","position":1,"name":"Portada","item":"https:\/\/bgcarballeira.com\/"},{"@type":"ListItem","position":2,"name":"PALMAR\u00c9S"}]},{"@type":"WebSite","@id":"https:\/\/bgcarballeira.com\/#website","url":"https:\/\/bgcarballeira.com\/","name":"Banda de gaitas A Carballeira","description":"Banda de gaitas y percusi\u00f3n de Ourense","publisher":{"@id":"https:\/\/bgcarballeira.com\/#organization"},"potentialAction":[{"@type":"SearchAction","target":{"@type":"EntryPoint","urlTemplate":"https:\/\/bgcarballeira.com\/?s={search_term_string}"},"query-input":"required name=search_term_string"}],"inLanguage":"es"},{"@type":"Organization","@id":"https:\/\/bgcarballeira.com\/#organization","name":"Banda de gaitas A Carballeira","url":"https:\/\/bgcarballeira.com\/","logo":{"@type":"ImageObject","inLanguage":"es","@id":"https:\/\/bgcarballeira.com\/#\/schema\/logo\/image\/","url":"https:\/\/bgcarballeira.com\/wp-content\/uploads\/2024\/05\/escudo250x99_0.png","contentUrl":"https:\/\/bgcarballeira.com\/wp-content\/uploads\/2024\/05\/escudo250x99_0.png","width":250,"height":99,"caption":"Banda de gaitas A Carballeira"},"image":{"@id":"https:\/\/bgcarballeira.com\/#\/schema\/logo\/image\/"}}]}},"_links":{"self":[{"href":"https:\/\/bgcarballeira.com\/index.php\/wp-json\/wp\/v2\/pages\/26","targetHints":{"allow":["GET"]}}],"collection":[{"href":"https:\/\/bgcarballeira.com\/index.php\/wp-json\/wp\/v2\/pages"}],"about":[{"href":"https:\/\/bgcarballeira.com\/index.php\/wp-json\/wp\/v2\/types\/page"}],"author":[{"embeddable":true,"href":"https:\/\/bgcarballeira.com\/index.php\/wp-json\/wp\/v2\/users\/1"}],"replies":[{"embeddable":true,"href":"https:\/\/bgcarballeira.com\/index.php\/wp-json\/wp\/v2\/comments?post=26"}],"version-history":[{"count":3,"href":"https:\/\/bgcarballeira.com\/index.php\/wp-json\/wp\/v2\/pages\/26\/revisions"}],"predecessor-version":[{"id":74,"href":"https:\/\/bgcarballeira.com\/index.php\/wp-json\/wp\/v2\/pages\/26\/revisions\/74"}],"wp:attachment":[{"href":"https:\/\/bgcarballeira.com\/index.php\/wp-json\/wp\/v2\/media?parent=26"}],"curies":[{"name":"wp","href":"https:\/\/api.w.org\/{rel}","templated":true}]}}