{"id":11,"date":"2024-05-22T20:06:19","date_gmt":"2024-05-22T20:06:19","guid":{"rendered":"https:\/\/bgcarballeira.com\/?page_id=11"},"modified":"2024-05-22T21:36:08","modified_gmt":"2024-05-22T21:36:08","slug":"curriculum","status":"publish","type":"page","link":"https:\/\/bgcarballeira.com\/index.php\/curriculum\/","title":{"rendered":"CURR\u00cdCULUM"},"content":{"rendered":"<p>Actualmente, la Banda de Gaitas \u00abA Carballeira\u00bb est\u00e1 formada por 35 componentes, con edades comprendidas entre los 15 y los 30 a\u00f1os, con una amplia trayectoria en el mundo musical y de las bandas de gaitas. Muchos de ellos cuentan con estudios medios y superiores de conservatorio, con primeros premios en campeonatos del mundo juveniles, un elevado n\u00famero de trabajos discogr\u00e1ficos tanto en directo como en estudios de grabaci\u00f3n, participaciones en eventos musicales por todos los continentes, concursos de cuartetos tradicionales, etc.<\/p>\n<p><img fetchpriority=\"high\" decoding=\"async\" class=\"aligncenter wp-image-12 size-full\" src=\"https:\/\/bgcarballeira.com\/wp-content\/uploads\/2024\/05\/gaiteiros.jpg\" alt=\"Gaiteros\" width=\"960\" height=\"640\" srcset=\"https:\/\/bgcarballeira.com\/wp-content\/uploads\/2024\/05\/gaiteiros.jpg 960w, https:\/\/bgcarballeira.com\/wp-content\/uploads\/2024\/05\/gaiteiros-300x200.jpg 300w, https:\/\/bgcarballeira.com\/wp-content\/uploads\/2024\/05\/gaiteiros-768x512.jpg 768w\" sizes=\"(max-width: 960px) 100vw, 960px\" \/><\/p>\n<p>Desde su fundaci\u00f3n, en el a\u00f1o 1987, la Banda de Gaitas \u00abA Carballeira\u00bb ha formado excelentes instrumentistas que posteriormente se han convertido en grandes maestros. Esto ha motivado que numerosas bandas de gaitas de todo el territorio nacional soliciten permanentemente su colaboraci\u00f3n para impartir cursillos, realizar arreglos musicales, afinar instrumentos, etc.<\/p>\n<p><img decoding=\"async\" class=\"aligncenter wp-image-13 size-full\" src=\"https:\/\/bgcarballeira.com\/wp-content\/uploads\/2024\/05\/2008_melon_03_800x600.jpg\" alt=\"Percusionistas\" width=\"800\" height=\"600\" srcset=\"https:\/\/bgcarballeira.com\/wp-content\/uploads\/2024\/05\/2008_melon_03_800x600.jpg 800w, https:\/\/bgcarballeira.com\/wp-content\/uploads\/2024\/05\/2008_melon_03_800x600-300x225.jpg 300w, https:\/\/bgcarballeira.com\/wp-content\/uploads\/2024\/05\/2008_melon_03_800x600-768x576.jpg 768w\" sizes=\"(max-width: 800px) 100vw, 800px\" \/><\/p>\n<p>La s\u00f3lida formaci\u00f3n recibida en la propia escuela de la Banda de Gaitas \u00abA Carballeira\u00bb por parte de su director Carlos Gonz\u00e1lez P\u00e9rez abarca desde la m\u00fasica m\u00e1s tradicional hasta las composiciones m\u00e1s contempor\u00e1neas, as\u00ed como de los instrumentos m\u00e1s tradicionales a los m\u00e1s perfeccionados. La inquietud de sus componentes les ha llevado a organizar cursillos con expertos como Suso Vaamonde, \u00d3scar Ib\u00e1\u00f1ez, Linares, Allan Chatto, Jim Collins, Jim Kilpatrick, etc.<\/p>\n<p><img decoding=\"async\" class=\"aligncenter wp-image-15 size-full\" src=\"https:\/\/bgcarballeira.com\/wp-content\/uploads\/2024\/05\/cantareiras1.jpg\" alt=\"Cantareiras\" width=\"992\" height=\"691\" srcset=\"https:\/\/bgcarballeira.com\/wp-content\/uploads\/2024\/05\/cantareiras1.jpg 992w, https:\/\/bgcarballeira.com\/wp-content\/uploads\/2024\/05\/cantareiras1-300x209.jpg 300w, https:\/\/bgcarballeira.com\/wp-content\/uploads\/2024\/05\/cantareiras1-768x535.jpg 768w\" sizes=\"(max-width: 992px) 100vw, 992px\" \/><\/p>\n<p>El \u00e9xito de la Banda de Gaitas \u00abA Carballeira\u00bb radica en el buen funcionamiento y la colaboraci\u00f3n de todos sus componentes. El trabajo se distribuye por equipos: transcripciones y arreglos musicales, afinaci\u00f3n de instrumentos, grupo de cantareiras, indumentaria, organizaci\u00f3n de actuaciones, econom\u00eda, inform\u00e1tica, marketing,\u2026<\/p>\n","protected":false},"excerpt":{"rendered":"<p>Actualmente, la Banda de Gaitas \u00abA Carballeira\u00bb est\u00e1 formada por 35 componentes, con edades comprendidas entre los 15 y los 30 a\u00f1os, con una amplia trayectoria en el mundo musical y de las bandas de gaitas. Muchos de ellos cuentan con estudios medios y superiores de conservatorio, con primeros premios en campeonatos del mundo juveniles, [&hellip;]<\/p>\n","protected":false},"author":1,"featured_media":0,"parent":0,"menu_order":0,"comment_status":"closed","ping_status":"closed","template":"","meta":{"footnotes":""},"class_list":["post-11","page","type-page","status-publish","hentry"],"yoast_head":"<!-- This site is optimized with the Yoast SEO plugin v22.7 - https:\/\/yoast.com\/wordpress\/plugins\/seo\/ -->\n<title>CURR\u00cdCULUM - Banda de gaitas A Carballeira<\/title>\n<meta name=\"robots\" content=\"index, follow, max-snippet:-1, max-image-preview:large, max-video-preview:-1\" \/>\n<link rel=\"canonical\" href=\"https:\/\/bgcarballeira.com\/index.php\/curriculum\/\" \/>\n<meta property=\"og:locale\" content=\"es_ES\" \/>\n<meta property=\"og:type\" content=\"article\" \/>\n<meta property=\"og:title\" content=\"CURR\u00cdCULUM - Banda de gaitas A Carballeira\" \/>\n<meta property=\"og:description\" content=\"Actualmente, la Banda de Gaitas \u00abA Carballeira\u00bb est\u00e1 formada por 35 componentes, con edades comprendidas entre los 15 y los 30 a\u00f1os, con una amplia trayectoria en el mundo musical y de las bandas de gaitas. Muchos de ellos cuentan con estudios medios y superiores de conservatorio, con primeros premios en campeonatos del mundo juveniles, [&hellip;]\" \/>\n<meta property=\"og:url\" content=\"https:\/\/bgcarballeira.com\/index.php\/curriculum\/\" \/>\n<meta property=\"og:site_name\" content=\"Banda de gaitas A Carballeira\" \/>\n<meta property=\"article:modified_time\" content=\"2024-05-22T21:36:08+00:00\" \/>\n<meta property=\"og:image\" content=\"https:\/\/bgcarballeira.com\/wp-content\/uploads\/2024\/05\/gaiteiros.jpg\" \/>\n<meta name=\"twitter:card\" content=\"summary_large_image\" \/>\n<meta name=\"twitter:label1\" content=\"Tiempo de lectura\" \/>\n\t<meta name=\"twitter:data1\" content=\"2 minutos\" \/>\n<script type=\"application\/ld+json\" class=\"yoast-schema-graph\">{\"@context\":\"https:\/\/schema.org\",\"@graph\":[{\"@type\":\"WebPage\",\"@id\":\"https:\/\/bgcarballeira.com\/index.php\/curriculum\/\",\"url\":\"https:\/\/bgcarballeira.com\/index.php\/curriculum\/\",\"name\":\"CURR\u00cdCULUM - Banda de gaitas A Carballeira\",\"isPartOf\":{\"@id\":\"https:\/\/bgcarballeira.com\/#website\"},\"primaryImageOfPage\":{\"@id\":\"https:\/\/bgcarballeira.com\/index.php\/curriculum\/#primaryimage\"},\"image\":{\"@id\":\"https:\/\/bgcarballeira.com\/index.php\/curriculum\/#primaryimage\"},\"thumbnailUrl\":\"https:\/\/bgcarballeira.com\/wp-content\/uploads\/2024\/05\/gaiteiros.jpg\",\"datePublished\":\"2024-05-22T20:06:19+00:00\",\"dateModified\":\"2024-05-22T21:36:08+00:00\",\"breadcrumb\":{\"@id\":\"https:\/\/bgcarballeira.com\/index.php\/curriculum\/#breadcrumb\"},\"inLanguage\":\"es\",\"potentialAction\":[{\"@type\":\"ReadAction\",\"target\":[\"https:\/\/bgcarballeira.com\/index.php\/curriculum\/\"]}]},{\"@type\":\"ImageObject\",\"inLanguage\":\"es\",\"@id\":\"https:\/\/bgcarballeira.com\/index.php\/curriculum\/#primaryimage\",\"url\":\"https:\/\/bgcarballeira.com\/wp-content\/uploads\/2024\/05\/gaiteiros.jpg\",\"contentUrl\":\"https:\/\/bgcarballeira.com\/wp-content\/uploads\/2024\/05\/gaiteiros.jpg\",\"width\":960,\"height\":640},{\"@type\":\"BreadcrumbList\",\"@id\":\"https:\/\/bgcarballeira.com\/index.php\/curriculum\/#breadcrumb\",\"itemListElement\":[{\"@type\":\"ListItem\",\"position\":1,\"name\":\"Portada\",\"item\":\"https:\/\/bgcarballeira.com\/\"},{\"@type\":\"ListItem\",\"position\":2,\"name\":\"CURR\u00cdCULUM\"}]},{\"@type\":\"WebSite\",\"@id\":\"https:\/\/bgcarballeira.com\/#website\",\"url\":\"https:\/\/bgcarballeira.com\/\",\"name\":\"Banda de gaitas A Carballeira\",\"description\":\"Banda de gaitas y percusi\u00f3n de Ourense\",\"publisher\":{\"@id\":\"https:\/\/bgcarballeira.com\/#organization\"},\"potentialAction\":[{\"@type\":\"SearchAction\",\"target\":{\"@type\":\"EntryPoint\",\"urlTemplate\":\"https:\/\/bgcarballeira.com\/?s={search_term_string}\"},\"query-input\":\"required name=search_term_string\"}],\"inLanguage\":\"es\"},{\"@type\":\"Organization\",\"@id\":\"https:\/\/bgcarballeira.com\/#organization\",\"name\":\"Banda de gaitas A Carballeira\",\"url\":\"https:\/\/bgcarballeira.com\/\",\"logo\":{\"@type\":\"ImageObject\",\"inLanguage\":\"es\",\"@id\":\"https:\/\/bgcarballeira.com\/#\/schema\/logo\/image\/\",\"url\":\"https:\/\/bgcarballeira.com\/wp-content\/uploads\/2024\/05\/escudo250x99_0.png\",\"contentUrl\":\"https:\/\/bgcarballeira.com\/wp-content\/uploads\/2024\/05\/escudo250x99_0.png\",\"width\":250,\"height\":99,\"caption\":\"Banda de gaitas A Carballeira\"},\"image\":{\"@id\":\"https:\/\/bgcarballeira.com\/#\/schema\/logo\/image\/\"}}]}<\/script>\n<!-- \/ Yoast SEO plugin. -->","yoast_head_json":{"title":"CURR\u00cdCULUM - Banda de gaitas A Carballeira","robots":{"index":"index","follow":"follow","max-snippet":"max-snippet:-1","max-image-preview":"max-image-preview:large","max-video-preview":"max-video-preview:-1"},"canonical":"https:\/\/bgcarballeira.com\/index.php\/curriculum\/","og_locale":"es_ES","og_type":"article","og_title":"CURR\u00cdCULUM - Banda de gaitas A Carballeira","og_description":"Actualmente, la Banda de Gaitas \u00abA Carballeira\u00bb est\u00e1 formada por 35 componentes, con edades comprendidas entre los 15 y los 30 a\u00f1os, con una amplia trayectoria en el mundo musical y de las bandas de gaitas. Muchos de ellos cuentan con estudios medios y superiores de conservatorio, con primeros premios en campeonatos del mundo juveniles, [&hellip;]","og_url":"https:\/\/bgcarballeira.com\/index.php\/curriculum\/","og_site_name":"Banda de gaitas A Carballeira","article_modified_time":"2024-05-22T21:36:08+00:00","og_image":[{"url":"https:\/\/bgcarballeira.com\/wp-content\/uploads\/2024\/05\/gaiteiros.jpg"}],"twitter_card":"summary_large_image","twitter_misc":{"Tiempo de lectura":"2 minutos"},"schema":{"@context":"https:\/\/schema.org","@graph":[{"@type":"WebPage","@id":"https:\/\/bgcarballeira.com\/index.php\/curriculum\/","url":"https:\/\/bgcarballeira.com\/index.php\/curriculum\/","name":"CURR\u00cdCULUM - Banda de gaitas A Carballeira","isPartOf":{"@id":"https:\/\/bgcarballeira.com\/#website"},"primaryImageOfPage":{"@id":"https:\/\/bgcarballeira.com\/index.php\/curriculum\/#primaryimage"},"image":{"@id":"https:\/\/bgcarballeira.com\/index.php\/curriculum\/#primaryimage"},"thumbnailUrl":"https:\/\/bgcarballeira.com\/wp-content\/uploads\/2024\/05\/gaiteiros.jpg","datePublished":"2024-05-22T20:06:19+00:00","dateModified":"2024-05-22T21:36:08+00:00","breadcrumb":{"@id":"https:\/\/bgcarballeira.com\/index.php\/curriculum\/#breadcrumb"},"inLanguage":"es","potentialAction":[{"@type":"ReadAction","target":["https:\/\/bgcarballeira.com\/index.php\/curriculum\/"]}]},{"@type":"ImageObject","inLanguage":"es","@id":"https:\/\/bgcarballeira.com\/index.php\/curriculum\/#primaryimage","url":"https:\/\/bgcarballeira.com\/wp-content\/uploads\/2024\/05\/gaiteiros.jpg","contentUrl":"https:\/\/bgcarballeira.com\/wp-content\/uploads\/2024\/05\/gaiteiros.jpg","width":960,"height":640},{"@type":"BreadcrumbList","@id":"https:\/\/bgcarballeira.com\/index.php\/curriculum\/#breadcrumb","itemListElement":[{"@type":"ListItem","position":1,"name":"Portada","item":"https:\/\/bgcarballeira.com\/"},{"@type":"ListItem","position":2,"name":"CURR\u00cdCULUM"}]},{"@type":"WebSite","@id":"https:\/\/bgcarballeira.com\/#website","url":"https:\/\/bgcarballeira.com\/","name":"Banda de gaitas A Carballeira","description":"Banda de gaitas y percusi\u00f3n de Ourense","publisher":{"@id":"https:\/\/bgcarballeira.com\/#organization"},"potentialAction":[{"@type":"SearchAction","target":{"@type":"EntryPoint","urlTemplate":"https:\/\/bgcarballeira.com\/?s={search_term_string}"},"query-input":"required name=search_term_string"}],"inLanguage":"es"},{"@type":"Organization","@id":"https:\/\/bgcarballeira.com\/#organization","name":"Banda de gaitas A Carballeira","url":"https:\/\/bgcarballeira.com\/","logo":{"@type":"ImageObject","inLanguage":"es","@id":"https:\/\/bgcarballeira.com\/#\/schema\/logo\/image\/","url":"https:\/\/bgcarballeira.com\/wp-content\/uploads\/2024\/05\/escudo250x99_0.png","contentUrl":"https:\/\/bgcarballeira.com\/wp-content\/uploads\/2024\/05\/escudo250x99_0.png","width":250,"height":99,"caption":"Banda de gaitas A Carballeira"},"image":{"@id":"https:\/\/bgcarballeira.com\/#\/schema\/logo\/image\/"}}]}},"_links":{"self":[{"href":"https:\/\/bgcarballeira.com\/index.php\/wp-json\/wp\/v2\/pages\/11","targetHints":{"allow":["GET"]}}],"collection":[{"href":"https:\/\/bgcarballeira.com\/index.php\/wp-json\/wp\/v2\/pages"}],"about":[{"href":"https:\/\/bgcarballeira.com\/index.php\/wp-json\/wp\/v2\/types\/page"}],"author":[{"embeddable":true,"href":"https:\/\/bgcarballeira.com\/index.php\/wp-json\/wp\/v2\/users\/1"}],"replies":[{"embeddable":true,"href":"https:\/\/bgcarballeira.com\/index.php\/wp-json\/wp\/v2\/comments?post=11"}],"version-history":[{"count":3,"href":"https:\/\/bgcarballeira.com\/index.php\/wp-json\/wp\/v2\/pages\/11\/revisions"}],"predecessor-version":[{"id":72,"href":"https:\/\/bgcarballeira.com\/index.php\/wp-json\/wp\/v2\/pages\/11\/revisions\/72"}],"wp:attachment":[{"href":"https:\/\/bgcarballeira.com\/index.php\/wp-json\/wp\/v2\/media?parent=11"}],"curies":[{"name":"wp","href":"https:\/\/api.w.org\/{rel}","templated":true}]}}